{"id":339,"date":"2021-10-26T15:35:34","date_gmt":"2021-10-26T15:35:34","guid":{"rendered":"http:\/\/132.248.130.203\/seeval\/?page_id=339"},"modified":"2025-11-19T15:04:18","modified_gmt":"2025-11-19T21:04:18","slug":"recursos","status":"publish","type":"page","link":"https:\/\/seeval.cepe.unam.mx\/index.php\/pagina-ejemplo\/recursos\/","title":{"rendered":"Recursos"},"content":{"rendered":"\t\t<div data-elementor-type=\"wp-page\" data-elementor-id=\"339\" class=\"elementor elementor-339\">\n\t\t\t\t\t\t\t\t\t<section class=\"elementor-section elementor-top-section elementor-element elementor-element-fe48fb0 elementor-section-boxed elementor-section-height-default elementor-section-height-default\" data-id=\"fe48fb0\" data-element_type=\"section\">\n\t\t\t\t\t\t<div class=\"elementor-container elementor-column-gap-default\">\n\t\t\t\t\t<div class=\"elementor-column elementor-col-100 elementor-top-column elementor-element elementor-element-648c7f4\" data-id=\"648c7f4\" data-element_type=\"column\">\n\t\t\t<div class=\"elementor-widget-wrap elementor-element-populated\">\n\t\t\t\t\t\t\t\t<div class=\"elementor-element elementor-element-239f9b9 elementor-widget elementor-widget-image\" data-id=\"239f9b9\" data-element_type=\"widget\" data-widget_type=\"image.default\">\n\t\t\t\t<div class=\"elementor-widget-container\">\n\t\t\t<style>\/*! elementor - v3.16.0 - 20-09-2023 *\/\n.elementor-widget-image{text-align:center}.elementor-widget-image a{display:inline-block}.elementor-widget-image a img[src$=\".svg\"]{width:48px}.elementor-widget-image img{vertical-align:middle;display:inline-block}<\/style>\t\t\t\t\t\t\t\t\t\t\t\t<img decoding=\"async\" loading=\"lazy\" width=\"3168\" height=\"500\" src=\"https:\/\/seeval.cepe.unam.mx\/wp-content\/uploads\/2025\/11\/5.png\" class=\"attachment-full size-full wp-image-1644\" alt=\"\" srcset=\"https:\/\/seeval.cepe.unam.mx\/wp-content\/uploads\/2025\/11\/5.png 3168w, https:\/\/seeval.cepe.unam.mx\/wp-content\/uploads\/2025\/11\/5-300x47.png 300w, https:\/\/seeval.cepe.unam.mx\/wp-content\/uploads\/2025\/11\/5-1024x162.png 1024w, https:\/\/seeval.cepe.unam.mx\/wp-content\/uploads\/2025\/11\/5-768x121.png 768w, https:\/\/seeval.cepe.unam.mx\/wp-content\/uploads\/2025\/11\/5-1536x242.png 1536w, https:\/\/seeval.cepe.unam.mx\/wp-content\/uploads\/2025\/11\/5-2048x323.png 2048w, https:\/\/seeval.cepe.unam.mx\/wp-content\/uploads\/2025\/11\/5-1568x247.png 1568w\" sizes=\"(max-width: 3168px) 100vw, 3168px\" \/>\t\t\t\t\t\t\t\t\t\t\t\t\t\t\t<\/div>\n\t\t\t\t<\/div>\n\t\t\t\t<div class=\"elementor-element elementor-element-ff567c2 elementor-position-left elementor-vertical-align-top elementor-widget elementor-widget-image-box\" data-id=\"ff567c2\" data-element_type=\"widget\" data-widget_type=\"image-box.default\">\n\t\t\t\t<div class=\"elementor-widget-container\">\n\t\t\t<style>\/*! elementor - v3.16.0 - 20-09-2023 *\/\n.elementor-widget-image-box .elementor-image-box-content{width:100%}@media (min-width:768px){.elementor-widget-image-box.elementor-position-left .elementor-image-box-wrapper,.elementor-widget-image-box.elementor-position-right .elementor-image-box-wrapper{display:flex}.elementor-widget-image-box.elementor-position-right .elementor-image-box-wrapper{text-align:right;flex-direction:row-reverse}.elementor-widget-image-box.elementor-position-left .elementor-image-box-wrapper{text-align:left;flex-direction:row}.elementor-widget-image-box.elementor-position-top .elementor-image-box-img{margin:auto}.elementor-widget-image-box.elementor-vertical-align-top .elementor-image-box-wrapper{align-items:flex-start}.elementor-widget-image-box.elementor-vertical-align-middle .elementor-image-box-wrapper{align-items:center}.elementor-widget-image-box.elementor-vertical-align-bottom .elementor-image-box-wrapper{align-items:flex-end}}@media (max-width:767px){.elementor-widget-image-box .elementor-image-box-img{margin-left:auto!important;margin-right:auto!important;margin-bottom:15px}}.elementor-widget-image-box .elementor-image-box-img{display:inline-block}.elementor-widget-image-box .elementor-image-box-title a{color:inherit}.elementor-widget-image-box .elementor-image-box-wrapper{text-align:center}.elementor-widget-image-box .elementor-image-box-description{margin:0}<\/style><div class=\"elementor-image-box-wrapper\"><figure class=\"elementor-image-box-img\"><a href=\"http:\/\/www.librosoa.unam.mx\/handle\/123456789\/3286\" tabindex=\"-1\"><img decoding=\"async\" loading=\"lazy\" width=\"469\" height=\"614\" src=\"https:\/\/seeval.cepe.unam.mx\/wp-content\/uploads\/2025\/01\/evaluacion_cuaed.jpg\" class=\"attachment-full size-full wp-image-1522\" alt=\"\" srcset=\"https:\/\/seeval.cepe.unam.mx\/wp-content\/uploads\/2025\/01\/evaluacion_cuaed.jpg 469w, https:\/\/seeval.cepe.unam.mx\/wp-content\/uploads\/2025\/01\/evaluacion_cuaed-229x300.jpg 229w\" sizes=\"(max-width: 469px) 100vw, 469px\" \/><\/a><\/figure><div class=\"elementor-image-box-content\"><h3 class=\"elementor-image-box-title\"><a href=\"http:\/\/www.librosoa.unam.mx\/handle\/123456789\/3286\">Publicaci\u00f3n digital<\/a><\/h3><p class=\"elementor-image-box-description\">El objetivo principal del libro es ofrecer un documento de acceso abierto en espa\u00f1ol, que funcione como una herramienta \u00fatil para los docentes universitarios que requieran orientaci\u00f3n para alinear sus pr\u00e1cticas de evaluaci\u00f3n con los procesos de ense\u00f1anza y aprendizaje.<br>El libro se presenta en 45 cap\u00edtulos, distribuidos en cinco secciones,  que contemplan instrumentos y estrategias de evaluaci\u00f3n, aspectos  pr\u00e1cticos de uso y aplicaci\u00f3n, investigaci\u00f3n e innovaci\u00f3n en evaluaci\u00f3n.<br>Editores:<br>Melchor S\u00e1nchez Mendiola<br>Adri\u00e1n Mart\u00ednez Gonz\u00e1lez<\/p><\/div><\/div>\t\t<\/div>\n\t\t\t\t<\/div>\n\t\t\t\t<div class=\"elementor-element elementor-element-a79ef8e elementor-view-stacked elementor-shape-circle elementor-widget elementor-widget-icon\" data-id=\"a79ef8e\" data-element_type=\"widget\" data-widget_type=\"icon.default\">\n\t\t\t\t<div class=\"elementor-widget-container\">\n\t\t\t\t\t<div class=\"elementor-icon-wrapper\">\n\t\t\t<a class=\"elementor-icon\" href=\"https:\/\/cuaed.unam.mx\/publicaciones\/libro-evaluacion\/pdf\/ELibro-Evaluacion-y-Aprendizaje-en-Educacion-Universitaria-ISBN-9786073060714.pdf\">\n\t\t\t<svg aria-hidden=\"true\" class=\"e-font-icon-svg e-fas-arrow-alt-circle-down\" viewBox=\"0 0 512 512\" xmlns=\"http:\/\/www.w3.org\/2000\/svg\"><path d=\"M504 256c0 137-111 248-248 248S8 393 8 256 119 8 256 8s248 111 248 248zM212 140v116h-70.9c-10.7 0-16.1 13-8.5 20.5l114.9 114.3c4.7 4.7 12.2 4.7 16.9 0l114.9-114.3c7.6-7.6 2.2-20.5-8.5-20.5H300V140c0-6.6-5.4-12-12-12h-64c-6.6 0-12 5.4-12 12z\"><\/path><\/svg>\t\t\t<\/a>\n\t\t<\/div>\n\t\t\t\t<\/div>\n\t\t\t\t<\/div>\n\t\t\t\t<div class=\"elementor-element elementor-element-e2e4c21 elementor-widget elementor-widget-text-editor\" data-id=\"e2e4c21\" data-element_type=\"widget\" data-widget_type=\"text-editor.default\">\n\t\t\t\t<div class=\"elementor-widget-container\">\n\t\t\t<style>\/*! elementor - v3.16.0 - 20-09-2023 *\/\n.elementor-widget-text-editor.elementor-drop-cap-view-stacked .elementor-drop-cap{background-color:#69727d;color:#fff}.elementor-widget-text-editor.elementor-drop-cap-view-framed .elementor-drop-cap{color:#69727d;border:3px solid;background-color:transparent}.elementor-widget-text-editor:not(.elementor-drop-cap-view-default) .elementor-drop-cap{margin-top:8px}.elementor-widget-text-editor:not(.elementor-drop-cap-view-default) .elementor-drop-cap-letter{width:1em;height:1em}.elementor-widget-text-editor .elementor-drop-cap{float:left;text-align:center;line-height:1;font-size:50px}.elementor-widget-text-editor .elementor-drop-cap-letter{display:inline-block}<\/style>\t\t\t\t<p style=\"text-align: center;\"><span style=\"color: #000080;\"><strong>DESCARGAR<\/strong><\/span><\/p>\t\t\t\t\t\t<\/div>\n\t\t\t\t<\/div>\n\t\t\t\t<div class=\"elementor-element elementor-element-ac4e666 elementor-position-left elementor-vertical-align-top elementor-widget elementor-widget-image-box\" data-id=\"ac4e666\" data-element_type=\"widget\" data-widget_type=\"image-box.default\">\n\t\t\t\t<div class=\"elementor-widget-container\">\n\t\t\t<div class=\"elementor-image-box-wrapper\"><figure class=\"elementor-image-box-img\"><a href=\"http:\/\/www.librosoa.unam.mx\/handle\/123456789\/3286\" tabindex=\"-1\"><img decoding=\"async\" loading=\"lazy\" width=\"426\" height=\"661\" src=\"https:\/\/seeval.cepe.unam.mx\/wp-content\/uploads\/2021\/10\/Portada.jpg\" class=\"attachment-full size-full wp-image-341\" alt=\"\" \/><\/a><\/figure><div class=\"elementor-image-box-content\"><h3 class=\"elementor-image-box-title\"><a href=\"http:\/\/www.librosoa.unam.mx\/handle\/123456789\/3286\">Publicaci\u00f3n digital<\/a><\/h3><p class=\"elementor-image-box-description\">Durante el 2020, el seminario de evaluaci\u00f3n fue coordinado por la Mtra. Marcela Nieto Rodr\u00edguez y por el Mtro. Edgar Ren\u00e9 Pacheco Mart\u00ednez, en el marco del proyecto PAPIME PE407120, con el objetivo de elaborar el libro \"La evaluaci\u00f3n de EO y EE en ELE: retos y propuestas\", el cual fue publicado en 2021.<br>Este libro es de acceso abierto y puede descargarse gratuitamente desde el sitio de publicaciones del CEPE o en Libros UNAM Open Access. <br>Da click en Descargar para acceder a la publicaci\u00f3n.<\/p><\/div><\/div>\t\t<\/div>\n\t\t\t\t<\/div>\n\t\t\t\t<div class=\"elementor-element elementor-element-c6062fa elementor-view-stacked elementor-shape-circle elementor-widget elementor-widget-icon\" data-id=\"c6062fa\" data-element_type=\"widget\" data-widget_type=\"icon.default\">\n\t\t\t\t<div class=\"elementor-widget-container\">\n\t\t\t\t\t<div class=\"elementor-icon-wrapper\">\n\t\t\t<a class=\"elementor-icon\" href=\"http:\/\/www.librosoa.unam.mx\/handle\/123456789\/3286\">\n\t\t\t<svg aria-hidden=\"true\" class=\"e-font-icon-svg e-fas-arrow-alt-circle-down\" viewBox=\"0 0 512 512\" xmlns=\"http:\/\/www.w3.org\/2000\/svg\"><path d=\"M504 256c0 137-111 248-248 248S8 393 8 256 119 8 256 8s248 111 248 248zM212 140v116h-70.9c-10.7 0-16.1 13-8.5 20.5l114.9 114.3c4.7 4.7 12.2 4.7 16.9 0l114.9-114.3c7.6-7.6 2.2-20.5-8.5-20.5H300V140c0-6.6-5.4-12-12-12h-64c-6.6 0-12 5.4-12 12z\"><\/path><\/svg>\t\t\t<\/a>\n\t\t<\/div>\n\t\t\t\t<\/div>\n\t\t\t\t<\/div>\n\t\t\t\t<div class=\"elementor-element elementor-element-3527135 elementor-widget elementor-widget-text-editor\" data-id=\"3527135\" data-element_type=\"widget\" data-widget_type=\"text-editor.default\">\n\t\t\t\t<div class=\"elementor-widget-container\">\n\t\t\t\t\t\t\t<p style=\"text-align: center;\"><span style=\"color: #000080;\"><strong>DESCARGAR<\/strong><\/span><\/p>\t\t\t\t\t\t<\/div>\n\t\t\t\t<\/div>\n\t\t\t\t\t<\/div>\n\t\t<\/div>\n\t\t\t\t\t\t\t<\/div>\n\t\t<\/section>\n\t\t\t\t\t\t\t<\/div>\n\t\t","protected":false},"excerpt":{"rendered":"<p>Publicaci\u00f3n digital El objetivo principal del libro es ofrecer un documento de acceso abierto en espa\u00f1ol, que funcione como una herramienta \u00fatil para los docentes universitarios que requieran orientaci\u00f3n para alinear sus pr\u00e1cticas de evaluaci\u00f3n con los procesos de ense\u00f1anza y aprendizaje.El libro se presenta en 45 cap\u00edtulos, distribuidos en cinco secciones, que contemplan instrumentos<a class=\"more-link\" href=\"https:\/\/seeval.cepe.unam.mx\/index.php\/pagina-ejemplo\/recursos\/\">Continue reading <span class=\"screen-reader-text\">&#8220;Recursos&#8221;<\/span><\/a><\/p>\n","protected":false},"author":1,"featured_media":0,"parent":2,"menu_order":0,"comment_status":"closed","ping_status":"closed","template":"elementor_header_footer","meta":{"footnotes":""},"_links":{"self":[{"href":"https:\/\/seeval.cepe.unam.mx\/index.php\/wp-json\/wp\/v2\/pages\/339"}],"collection":[{"href":"https:\/\/seeval.cepe.unam.mx\/index.php\/wp-json\/wp\/v2\/pages"}],"about":[{"href":"https:\/\/seeval.cepe.unam.mx\/index.php\/wp-json\/wp\/v2\/types\/page"}],"author":[{"embeddable":true,"href":"https:\/\/seeval.cepe.unam.mx\/index.php\/wp-json\/wp\/v2\/users\/1"}],"replies":[{"embeddable":true,"href":"https:\/\/seeval.cepe.unam.mx\/index.php\/wp-json\/wp\/v2\/comments?post=339"}],"version-history":[{"count":57,"href":"https:\/\/seeval.cepe.unam.mx\/index.php\/wp-json\/wp\/v2\/pages\/339\/revisions"}],"predecessor-version":[{"id":1659,"href":"https:\/\/seeval.cepe.unam.mx\/index.php\/wp-json\/wp\/v2\/pages\/339\/revisions\/1659"}],"up":[{"embeddable":true,"href":"https:\/\/seeval.cepe.unam.mx\/index.php\/wp-json\/wp\/v2\/pages\/2"}],"wp:attachment":[{"href":"https:\/\/seeval.cepe.unam.mx\/index.php\/wp-json\/wp\/v2\/media?parent=339"}],"curies":[{"name":"wp","href":"https:\/\/api.w.org\/{rel}","templated":true}]}}